{"id":824,"date":"2021-02-19T21:38:14","date_gmt":"2021-02-19T20:38:14","guid":{"rendered":"https:\/\/lesjoliescuvees.com\/?post_type=product&#038;p=824"},"modified":"2022-01-06T13:46:33","modified_gmt":"2022-01-06T12:46:33","slug":"box-les-jolies-cuvees","status":"publish","type":"product","link":"https:\/\/lesjoliescuvees.com\/index.php\/produit\/box-les-jolies-cuvees\/","title":{"rendered":"Abonnement mensuel Box Les Jolies Cuv\u00e9es (min. 3 mois)"},"content":{"rendered":"<p><strong>Pourquoi ?<\/strong><\/p>\n<p>Parce que vous ne savez pas trop quel type de vin va vous faire vibrer ? Quel type de vin vous voulez d\u00e9couvrir ? Parce que vous voulez vous constituer doucement une cave qui vous ressemble ? Parce que vous n\u2019avez pas vraiment le temps de fl\u00e2ner parmi les ventes priv\u00e9es de notre site ? Alors oui, chez <em>Les Jolies Cuv\u00e9es<\/em>, on a pens\u00e9 \u00e0 une solution : notre box personnalis\u00e9e, qui ne ressemble qu\u2019\u00e0 vous.<\/p>\n<p><strong>Comment \u00e7a marche cette histoire ?<\/strong><\/p>\n<p>Laissez vous guider, comme chez le caviste. Au pr\u00e9alable, nous d\u00e9finissons ensemble votre profil gustatif et l\u2019orientation que vous souhaitez donner \u00e0 vos achats de vin (couleur, occasions, garde, style\u2026), par l\u2019interm\u00e9diaire d\u2019un questionnaire secret que le monde viticole nous envie. Puis, chaque mois, nous s\u00e9lectionnons et mettons de c\u00f4t\u00e9 pour vous deux tr\u00e8s jolies bouteilles qui vous ressemblent et on vous envoie un petit mail pour vous dire ce qu\u2019on a choisi pour vous. Enfin, tous les 3 mois, vous recevez vos 6 bouteilles avec des conseils de d\u00e9gustation et un petit mot doux.<\/p>\n<p><strong>Suis-je engag\u00e9 ?<\/strong><\/p>\n<p><strong>Uniquement sur 3 mois<\/strong>, le temps de recevoir votre caisse de 6 bouteilles choisies avec amour. Mais si au bout d\u2019un mois, vous pr\u00e9f\u00e9rez changer de box et de tarif, aucun souci. Et si au bout de 3 mois, vous voulez arr\u00eater votre abonnement, aucun souci. On est juste l\u00e0 pour vous r\u00e9galer.<\/p>\n","protected":false},"excerpt":{"rendered":"<p>Des bouteilles plus rares, recherch\u00e9es par les connaisseurs. On est souvent sur les cuv\u00e9es les plus qualitatives de jeunes vignerons p\u00e9tris de talent, sur des appellations prestigieuses ou des cuv\u00e9es accessibles de domaines stars. C\u2019est la formule pour entrer v\u00e9ritablement dans le monde des grands vins fran\u00e7ais.<\/p>\n<p>Livraison comprise<\/p>\n","protected":false},"featured_media":793,"comment_status":"closed","ping_status":"closed","template":"","meta":[],"product_brand":[],"product_cat":[73],"product_tag":[93],"class_list":{"0":"post-824","1":"product","2":"type-product","3":"status-publish","4":"has-post-thumbnail","6":"product_cat-box-bon","7":"product_tag-box","9":"first","10":"instock","11":"taxable","12":"shipping-taxable","13":"purchasable","14":"product-type-simple"},"_links":{"self":[{"href":"https:\/\/lesjoliescuvees.com\/index.php\/wp-json\/wp\/v2\/product\/824","targetHints":{"allow":["GET"]}}],"collection":[{"href":"https:\/\/lesjoliescuvees.com\/index.php\/wp-json\/wp\/v2\/product"}],"about":[{"href":"https:\/\/lesjoliescuvees.com\/index.php\/wp-json\/wp\/v2\/types\/product"}],"replies":[{"embeddable":true,"href":"https:\/\/lesjoliescuvees.com\/index.php\/wp-json\/wp\/v2\/comments?post=824"}],"wp:featuredmedia":[{"embeddable":true,"href":"https:\/\/lesjoliescuvees.com\/index.php\/wp-json\/wp\/v2\/media\/793"}],"wp:attachment":[{"href":"https:\/\/lesjoliescuvees.com\/index.php\/wp-json\/wp\/v2\/media?parent=824"}],"wp:term":[{"taxonomy":"product_brand","embeddable":true,"href":"https:\/\/lesjoliescuvees.com\/index.php\/wp-json\/wp\/v2\/product_brand?post=824"},{"taxonomy":"product_cat","embeddable":true,"href":"https:\/\/lesjoliescuvees.com\/index.php\/wp-json\/wp\/v2\/product_cat?post=824"},{"taxonomy":"product_tag","embeddable":true,"href":"https:\/\/lesjoliescuvees.com\/index.php\/wp-json\/wp\/v2\/product_tag?post=824"}],"curies":[{"name":"wp","href":"https:\/\/api.w.org\/{rel}","templated":true}]}}