{"id":5695,"date":"2023-12-18T17:37:56","date_gmt":"2023-12-18T16:37:56","guid":{"rendered":"https:\/\/lesjoliescuvees.com\/?post_type=product&#038;p=5695"},"modified":"2023-12-18T17:38:25","modified_gmt":"2023-12-18T16:38:25","slug":"box-cadeau-les-petites-cuvees-6-bouteilles","status":"publish","type":"product","link":"https:\/\/lesjoliescuvees.com\/index.php\/produit\/box-cadeau-les-petites-cuvees-6-bouteilles\/","title":{"rendered":"Box cadeau Les Petites Cuv\u00e9es (6 bouteilles)"},"content":{"rendered":"","protected":false},"excerpt":{"rendered":"<p>Box 6 bouteilles s\u00e9lectionn\u00e9es par votre caviste de mani\u00e8re personnalis\u00e9e<\/p>\n","protected":false},"featured_media":2401,"comment_status":"closed","ping_status":"closed","template":"","meta":[],"product_brand":[],"product_cat":[73],"product_tag":[93,96,88],"class_list":{"0":"post-5695","1":"product","2":"type-product","3":"status-publish","4":"has-post-thumbnail","6":"product_cat-box-bon","7":"product_tag-box","8":"product_tag-vin-nature","9":"product_tag-vin-rare","11":"first","12":"instock","13":"taxable","14":"shipping-taxable","15":"purchasable","16":"product-type-simple"},"_links":{"self":[{"href":"https:\/\/lesjoliescuvees.com\/index.php\/wp-json\/wp\/v2\/product\/5695","targetHints":{"allow":["GET"]}}],"collection":[{"href":"https:\/\/lesjoliescuvees.com\/index.php\/wp-json\/wp\/v2\/product"}],"about":[{"href":"https:\/\/lesjoliescuvees.com\/index.php\/wp-json\/wp\/v2\/types\/product"}],"replies":[{"embeddable":true,"href":"https:\/\/lesjoliescuvees.com\/index.php\/wp-json\/wp\/v2\/comments?post=5695"}],"wp:featuredmedia":[{"embeddable":true,"href":"https:\/\/lesjoliescuvees.com\/index.php\/wp-json\/wp\/v2\/media\/2401"}],"wp:attachment":[{"href":"https:\/\/lesjoliescuvees.com\/index.php\/wp-json\/wp\/v2\/media?parent=5695"}],"wp:term":[{"taxonomy":"product_brand","embeddable":true,"href":"https:\/\/lesjoliescuvees.com\/index.php\/wp-json\/wp\/v2\/product_brand?post=5695"},{"taxonomy":"product_cat","embeddable":true,"href":"https:\/\/lesjoliescuvees.com\/index.php\/wp-json\/wp\/v2\/product_cat?post=5695"},{"taxonomy":"product_tag","embeddable":true,"href":"https:\/\/lesjoliescuvees.com\/index.php\/wp-json\/wp\/v2\/product_tag?post=5695"}],"curies":[{"name":"wp","href":"https:\/\/api.w.org\/{rel}","templated":true}]}}