{"id":5493,"date":"2023-11-04T14:29:29","date_gmt":"2023-11-04T13:29:29","guid":{"rendered":"https:\/\/lesjoliescuvees.com\/?page_id=5493"},"modified":"2025-02-10T11:25:57","modified_gmt":"2025-02-10T10:25:57","slug":"la-cave-du-val-dazun","status":"publish","type":"page","link":"https:\/\/lesjoliescuvees.com\/index.php\/la-cave-du-val-dazun\/","title":{"rendered":"La Cave"},"content":{"rendered":"\n<p>Apr\u00e8s <strong>Le Wine Truck<\/strong> et <strong>La Boutique en ligne<\/strong>, le projet <em><strong>Les Jolies Cuv\u00e9es<\/strong><\/em> dispose maintenant de sa boutique physique, <strong>La Cave<\/strong>, au c\u0153ur des montagnes, en Val d&rsquo;Azun, \u00e0 Marsous. Vins Rares et Vins Natures disponibles toute l&rsquo;ann\u00e9e, avec des horaires ajust\u00e9s en fonction des saisons.<\/p>\n\n\n\n<p>Les Jolies Cuv\u00e9es &#8211; La Cave : 4 rue de la Gourgouti\u00e8re, 65400 Arrens-Marsous<\/p>\n\n\n\n<figure class=\"wp-block-image size-large\"><img loading=\"lazy\" decoding=\"async\" width=\"768\" height=\"1024\" src=\"https:\/\/lesjoliescuvees.com\/wp-content\/uploads\/2024\/06\/IMG_20240609_181609_edit_17973179860276-768x1024.jpg\" alt=\"\" class=\"wp-image-6358\" srcset=\"https:\/\/lesjoliescuvees.com\/wp-content\/uploads\/2024\/06\/IMG_20240609_181609_edit_17973179860276-768x1024.jpg 768w, https:\/\/lesjoliescuvees.com\/wp-content\/uploads\/2024\/06\/IMG_20240609_181609_edit_17973179860276-225x300.jpg 225w, https:\/\/lesjoliescuvees.com\/wp-content\/uploads\/2024\/06\/IMG_20240609_181609_edit_17973179860276-1152x1536.jpg 1152w, https:\/\/lesjoliescuvees.com\/wp-content\/uploads\/2024\/06\/IMG_20240609_181609_edit_17973179860276-1536x2048.jpg 1536w, https:\/\/lesjoliescuvees.com\/wp-content\/uploads\/2024\/06\/IMG_20240609_181609_edit_17973179860276-scaled.jpg 1920w\" sizes=\"auto, (max-width: 768px) 100vw, 768px\" \/><figcaption class=\"wp-element-caption\"><em>Les Jolies Cuv\u00e9es &#8211; La Cave, Marsous<\/em><\/figcaption><\/figure>\n","protected":false},"excerpt":{"rendered":"<p>Apr\u00e8s Le Wine Truck et La Boutique en ligne, le projet Les Jolies Cuv\u00e9es dispose maintenant de sa boutique physique, La Cave, au c\u0153ur des montagnes, en Val d&rsquo;Azun, \u00e0 Marsous. Vins Rares et Vins Natures disponibles toute l&rsquo;ann\u00e9e, avec des horaires ajust\u00e9s en fonction des saisons. Les Jolies Cuv\u00e9es &#8211; La Cave : 4 [&#8230;]\n","protected":false},"author":1,"featured_media":0,"parent":0,"menu_order":0,"comment_status":"closed","ping_status":"closed","template":"","meta":{"footnotes":""},"class_list":["post-5493","page","type-page","status-publish","hentry"],"_links":{"self":[{"href":"https:\/\/lesjoliescuvees.com\/index.php\/wp-json\/wp\/v2\/pages\/5493","targetHints":{"allow":["GET"]}}],"collection":[{"href":"https:\/\/lesjoliescuvees.com\/index.php\/wp-json\/wp\/v2\/pages"}],"about":[{"href":"https:\/\/lesjoliescuvees.com\/index.php\/wp-json\/wp\/v2\/types\/page"}],"author":[{"embeddable":true,"href":"https:\/\/lesjoliescuvees.com\/index.php\/wp-json\/wp\/v2\/users\/1"}],"replies":[{"embeddable":true,"href":"https:\/\/lesjoliescuvees.com\/index.php\/wp-json\/wp\/v2\/comments?post=5493"}],"version-history":[{"count":11,"href":"https:\/\/lesjoliescuvees.com\/index.php\/wp-json\/wp\/v2\/pages\/5493\/revisions"}],"predecessor-version":[{"id":7150,"href":"https:\/\/lesjoliescuvees.com\/index.php\/wp-json\/wp\/v2\/pages\/5493\/revisions\/7150"}],"wp:attachment":[{"href":"https:\/\/lesjoliescuvees.com\/index.php\/wp-json\/wp\/v2\/media?parent=5493"}],"curies":[{"name":"wp","href":"https:\/\/api.w.org\/{rel}","templated":true}]}}