{"id":28,"date":"2020-04-21T14:34:18","date_gmt":"2020-04-21T12:34:18","guid":{"rendered":"http:\/\/lesjoliescuvees.com\/?page_id=28"},"modified":"2024-07-02T12:29:36","modified_gmt":"2024-07-02T10:29:36","slug":"livraison","status":"publish","type":"page","link":"https:\/\/lesjoliescuvees.com\/index.php\/livraison\/","title":{"rendered":"Livraison"},"content":{"rendered":"\n<p>Vous trouverez ci-dessous les modes de livraison disponibles pour obtenir vos bouteilles, ainsi que les tarifs d\u00e9taill\u00e9s :<\/p>\n\n\n\n<ul class=\"wp-block-list\">\n<li>Retrait sur place : si vous \u00eates de passage dans le Val d&rsquo;Azun (clients du Wine Truck notamment), vous pouvez retirer votre commande en direct, en nous contactant au pr\u00e9alable pour convenir d&rsquo;un rendez-vous. <strong>Tarif : gratuit<\/strong>.<\/li>\n<\/ul>\n\n\n\n<ul class=\"wp-block-list\">\n<li>Box LJC : si vous \u00eates abonn\u00e9 \u00e0 l&rsquo;une de nos offres Box, vous recevrez tous les 3 mois vos 6 bouteilles s\u00e9lectionn\u00e9es, via Chronopost. <strong>Tarif : gratuit.<\/strong><\/li>\n<\/ul>\n\n\n\n<ul class=\"wp-block-list\">\n<li>Stockage de vos achats jusqu&rsquo;\u00e0 atteindre 12 bouteilles achet\u00e9es. D\u00e8s que vous avez achet\u00e9 12 bouteilles, nous exp\u00e9dions vos vins. Le tarif de ce mode de livraison est de 1,20 \u20ac TTC par bouteille, factur\u00e9 au fur et \u00e0 mesure de vos achats.<\/li>\n<\/ul>\n\n\n\n<ul class=\"wp-block-list\">\n<li>Exp\u00e9dition en France via <strong>Chrono 13 \u00e0 domicile<\/strong>. Tarif forfaitaire pour toute commande : 16,80 \u20ac TTC.<\/li>\n<\/ul>\n\n\n\n<ul class=\"wp-block-list\">\n<li>Commande sup\u00e9rieure \u00e0 400 \u20ac : la livraison vous est offerte.<\/li>\n<\/ul>\n\n\n\n<figure class=\"wp-block-image size-large\"><img loading=\"lazy\" decoding=\"async\" width=\"512\" height=\"384\" src=\"http:\/\/lesjoliescuvees.com\/wp-content\/uploads\/2020\/04\/les-jolies-cuvees-trapet.jpg\" alt=\"\" class=\"wp-image-29\" srcset=\"https:\/\/lesjoliescuvees.com\/wp-content\/uploads\/2020\/04\/les-jolies-cuvees-trapet.jpg 512w, https:\/\/lesjoliescuvees.com\/wp-content\/uploads\/2020\/04\/les-jolies-cuvees-trapet-50x38.jpg 50w, https:\/\/lesjoliescuvees.com\/wp-content\/uploads\/2020\/04\/les-jolies-cuvees-trapet-300x225.jpg 300w, https:\/\/lesjoliescuvees.com\/wp-content\/uploads\/2020\/04\/les-jolies-cuvees-trapet-400x300.jpg 400w\" sizes=\"auto, (max-width: 512px) 100vw, 512px\" \/><\/figure>\n\n\n\n<p><\/p>\n","protected":false},"excerpt":{"rendered":"<p>Vous trouverez ci-dessous les modes de livraison disponibles pour obtenir vos bouteilles, ainsi que les tarifs d\u00e9taill\u00e9s :<\/p>\n","protected":false},"author":1,"featured_media":0,"parent":0,"menu_order":0,"comment_status":"closed","ping_status":"closed","template":"","meta":{"footnotes":""},"class_list":["post-28","page","type-page","status-publish","hentry"],"_links":{"self":[{"href":"https:\/\/lesjoliescuvees.com\/index.php\/wp-json\/wp\/v2\/pages\/28","targetHints":{"allow":["GET"]}}],"collection":[{"href":"https:\/\/lesjoliescuvees.com\/index.php\/wp-json\/wp\/v2\/pages"}],"about":[{"href":"https:\/\/lesjoliescuvees.com\/index.php\/wp-json\/wp\/v2\/types\/page"}],"author":[{"embeddable":true,"href":"https:\/\/lesjoliescuvees.com\/index.php\/wp-json\/wp\/v2\/users\/1"}],"replies":[{"embeddable":true,"href":"https:\/\/lesjoliescuvees.com\/index.php\/wp-json\/wp\/v2\/comments?post=28"}],"version-history":[{"count":19,"href":"https:\/\/lesjoliescuvees.com\/index.php\/wp-json\/wp\/v2\/pages\/28\/revisions"}],"predecessor-version":[{"id":6391,"href":"https:\/\/lesjoliescuvees.com\/index.php\/wp-json\/wp\/v2\/pages\/28\/revisions\/6391"}],"wp:attachment":[{"href":"https:\/\/lesjoliescuvees.com\/index.php\/wp-json\/wp\/v2\/media?parent=28"}],"curies":[{"name":"wp","href":"https:\/\/api.w.org\/{rel}","templated":true}]}}